{"id":40,"date":"2013-04-10T22:59:44","date_gmt":"2013-04-10T20:59:44","guid":{"rendered":"http:\/\/www.negar-afghanwomen.org\/2\/?page_id=40"},"modified":"2024-02-10T21:35:00","modified_gmt":"2024-02-10T20:35:00","slug":"40-2","status":"publish","type":"page","link":"https:\/\/www.negar-afghanwomen.org\/2\/40-2\/","title":{"rendered":"A Propos de NEGAR"},"content":{"rendered":"<h3>\u00a0<\/h3>\n<h3 style=\"text-align: center;\">\u00a0<strong>Vous trouverez le dossier complet de pr\u00e9sentation de l&rsquo;association NEGAR, en cliquant sur le lien ci-dessous<\/strong><\/h3>\n<h3 style=\"text-align: center;\"><strong><a href=\"https:\/\/www.negar-afghanwomen.org\/2\/wp-content\/uploads\/2021\/12\/DOSSIER-NEGAR-2005.pdf\">DOSSIER NEGAR 2005<\/a><\/strong><\/h3>\n<h3>\u00a0<\/h3>\n<p style=\"text-align: center;\"><strong>\u00a0Le Conseil d&rsquo;Administration<\/strong><\/p>\n<p><strong><a href=\"https:\/\/www.negar-afghanwomen.org\/2\/shoukria-haidar-medaillee-2022-de-la-ville-de-saint-nazaire\/capture-decran-2022-02-01-a-16-04-31\/\" rel=\"attachment wp-att-1835\"><img loading=\"lazy\" decoding=\"async\" src=\"https:\/\/www.negar-afghanwomen.org\/2\/wp-content\/uploads\/2022\/01\/Capture-de\u0301cran-2022-02-01-a\u0300-16.04.31-300x200.png\" alt=\"\" width=\"300\" height=\"200\" \/><\/a>Pr\u00e9sidente, Shoukria Haidar<\/strong>Apr\u00e8s avoir fui l\u2019Afghanistan suite \u00e0 l\u2019invasion sovi\u00e9tique, Shoukria s\u2019est r\u00e9fugi\u00e9e en France en 1980, et a \u00e9t\u00e9 naturalis\u00e9e fran\u00e7aise en 1996.Elle a toujours gard\u00e9 des liens avec son pays d\u2019origine o\u00f9 elle est retourn\u00e9e pour la premi\u00e8re fois en 1995. Elle y a alors constat\u00e9 la grande d\u00e9tresse du pays et, en passant au Pakistan pour rentrer en France, elle a entendu parler pour la premi\u00e8re fois des Talibans et de leurs liens avec les Services Secrets pakistanais.A la prise de Kaboul par les Talibans en 1996, elle a alors voulu d\u00e9noncer les exactions de ces milices qui n\u2019\u00e9taient que la force arm\u00e9e du Pakistan d\u00e9sirant asservir l\u2019Afghanistan, et a cr\u00e9\u00e9 l\u2019association Negar-Soutien aux Femmes d\u2019Afghanistan.D\u00e8s lors, Shoukria a organis\u00e9 ou particip\u00e9 \u00e0 d\u2019innombrables conf\u00e9rences, meetings ou manifestations dans toute la France, en Europe et aux USA, pour faire comprendre aux politiques et aux sympathisants la r\u00e9alit\u00e9 de ce r\u00e9gime inique, coupable de crimes contre l\u2019humanit\u00e9, et en particulier de la n\u00e9gation totale des femmes dont tous les droits, m\u00eame les plus naturels, \u00e9taient supprim\u00e9s.En 1999, Shoukria se rendait dans les r\u00e9gions du nord de l\u2019Afghanistan o\u00f9 la r\u00e9sistance arm\u00e9e continuait contre les Talibans, et en l\u2019an 2000, elle a pu organiser la premi\u00e8re conf\u00e9rence des femmes afghanes \u00e0 Douchanbe (Tadjikistan), soutenue par le collectif \u00ab Femmes en Marche pour l\u2019Afghanistan \u00bb.En 2001, elle retournait dans les r\u00e9gions r\u00e9sistantes du nord afghan t\u00e9moigner de la solidarit\u00e9 des mouvements de femmes \u00e0 travers le monde.Fin 2001, apr\u00e8s la chute des Talibans, de retour \u00e0 Kaboul, elle prenait contact avec le gouvernement int\u00e9rimaire, et en 2002, elle organisait une grande conf\u00e9rence de femmes \u00e0 \u00a0Kaboul, \u00e0 laquelle participait le deuxi\u00e8me \u00ab Femmes en Marche pour l\u2019Afghanistan \u00bb.Le combat de Shoukria continuait alors \u00e0 Kaboul avec la mobilisation des femmes dans les diff\u00e9rentes provinces, l\u2019inscription de l\u2019\u00e9galit\u00e9 des droits entre les hommes et les femmes dans la nouvelle constitution afghane, et en parall\u00e8le le soutien au sport f\u00e9minin, et \u00e0 la petite enfance.\u00a0\u00a0\u00a0<strong>Vice-pr\u00e9sidente, Constance Borde \u00a0\u00a0<\/strong>\u00a0Constance Borde a enseign\u00e9 \u00e0 Sciences Po pendant environ 30 ans et elle est tr\u00e8s impliqu\u00e9e dans les instances du parti d\u00e9mocrate am\u00e9ricain \u00e0 Paris et dans le d\u00e9bat f\u00e9ministe.Avec son co-auteur (Sheila Malovany-Chevallier), elle a notamment \u00e9crit: Focus on American Democracy, aux Presses de Sciences Po, une collection d&rsquo;ouvrages de grammaire, et des livres de cuisine. Elles traduisent, entre autres, des ouvrages de sciences sociales. La politique et le f\u00e9minisme v\u00e9cus quotidiennement en France les ont amen\u00e9es \u00e0 entreprendre ce travail magnifique et formidable de traduction en anglais de l\u2019ouvrage de Simone de Beauvoir Le Deuxi\u00e8me Sexe. \u00a0Constance est militante pour la cause de la libert\u00e9 de la femme en Afghanistan.\u00a0\u00a0\u00a0\u00a0<img loading=\"lazy\" decoding=\"async\" src=\"https:\/\/www.negar-afghanwomen.org\/2\/wp-content\/uploads\/2024\/02\/Capture-decran-2024-02-10-a-21.28.20-150x134.png\" alt=\"\" width=\"205\" height=\"183\" \/><strong>Secr\u00e9taire g\u00e9n\u00e9rale, Genevi\u00e8ve COURAUD<\/strong><\/p>\n<p>Professeure agr\u00e9g\u00e9e de lettres \u00e0 la retraite, Genevi\u00e8ve COURAUD a enseign\u00e9 30 ans dans les quartiers Nord de Marseille o\u00f9 elle a \u00e9t\u00e9 \u00e9lue (1995-2001, puis 2008-2014).<\/p>\n<p>Elle a \u00e9t\u00e9 membre de section du Conseil \u00c9conomique et Social (1999-2001), membre de l\u2019Observatoire de la Parit\u00e9 (2010-2012), puis du Haut Conseil \u00e0 l\u2019\u00e9galit\u00e9 entre les femmes et les hommes (HCE), o\u00f9 elle a pr\u00e9sid\u00e9 la commission Droits sexuels et reproductifs, sant\u00e9 des femmes (2017-2019).<\/p>\n<p>Elle a cr\u00e9\u00e9 et pr\u00e9sid\u00e9 (2005-2017) l\u2019Observatoire des Droits des femmes et de l\u2019\u00e9galit\u00e9 du Conseil G\u00e9n\u00e9ral des Bouches-du-Rh\u00f4ne (ODF-13), outre d\u2019autres engagements associatifs f\u00e9ministes militants.<\/p>\n<p>Elle est aujourd\u2019hui pr\u00e9sidente d\u2019honneur de l\u2019Assembl\u00e9e des Femmes (ADF) et d\u2019Elu.es contre les violences faites aux femmes (ECVF), et administratrice de l\u2019Amicale du nid.<\/p>\n<p>D\u00e9l\u00e9gu\u00e9e nationale aux droits des femmes, puis \u00e0 la parit\u00e9 au Parti Socialiste (1998-2008), elle croise la route de Shoukria HAIDAR et de NEGAR le 8 mars 1998, lors d\u2019une manifestation organis\u00e9e par les femmes du Parti Socialiste \u00ab <em>Pas de changement sans ELLES<\/em> \u00bb \u00e0 Paris. Boulevers\u00e9e par le t\u00e9moignage de Shoukria sur le sort des femmes afghanes sous le joug des taliban, elle adh\u00e8re \u00e0 NEGAR le samedi 20 juin 1998.<\/p>\n<p>En juin 2002, elle assiste \u00e0 la 2\u00e8me <strong>Conf\u00e9rence des droits des femmes afghanes<\/strong> organis\u00e9e par NEGAR \u00e0 Kaboul, lib\u00e9r\u00e9e des taliban, en marge de la 1\u00e8re Loya Jirga. Cette exp\u00e9rience scelle son engagement aupr\u00e8s des femmes afghanes.<\/p>\n<p>Elle cr\u00e9e le 16 juin 2003 \u00e0 Marseille, en pr\u00e9sence de Shoukria HAIDAR, et des militantes du Collectif-13 Droits des femmes, un <strong>Comit\u00e9 local NEGAR-PACA<\/strong>, soutenu par Marie-Arlette CARLOTTI, alors V.-P. du CG-13 et d\u00e9put\u00e9e europ\u00e9enne. Le comit\u00e9 local, outre des actions de t\u00e9moignage et d\u2019information dans toute la France sur la situation des femmes afghanes, accompagnera deux actions de NEGAR, \u00ab Femmes en marche pour l\u2019Afghanistan \u00bb et le projet de construction d\u2019un kodakistan (cr\u00e8che avec jardin d\u2019enfants), en r\u00e9unissant des fonds aupr\u00e8s de plusieurs donateurs.<\/p>\n<p>Elle devient lors de l\u2019Assembl\u00e9e G\u00e9n\u00e9rale de NEGAR \u00e0 Paris, le 24 f\u00e9vrier 2005, secr\u00e9taire g\u00e9n\u00e9rale de l\u2019association et retourne \u00e0 Kaboul pour le 8 mars 2005, soutenue par la Marche mondiale des femmes-13-PACA, afin de suivre les travaux de construction du kodakistan sur le site de l\u2019universit\u00e9 de Kaboul.<\/p>\n<p>Durant les 20 ann\u00e9es de \u00ab\u00a0paix arm\u00e9e\u00a0\u00bb, elle poursuit son soutien au travail entrepris sur le terrain par Shoukria et Chantal V\u00e9ron, et participe \u00e0 toutes les \u00e9tapes des combats politiques et f\u00e9ministes.<\/p>\n<p>Depuis le retour des taliban le 15 ao\u00fbt 2021, elle participe \u00e0 nouveau aux c\u00f4t\u00e9s de Shoukria au travail men\u00e9 par NEGAR, pour continuer de parler de l\u2019Afghanistan, lutter contre l\u2019oubli des femmes afghanes et recueillir des fonds pour soutenir les actions de l\u2019association.<\/p>\n<p>Elle est chevali\u00e8re de la l\u00e9gion d\u2019honneur (2014).<\/p>\n<p>\u00a0\u00a0\u00a0<strong><a href=\"https:\/\/www.negar-afghanwomen.org\/2\/les-talibans-sont-arrives-au-panshir-ils-cherchent-les-filles\/chantal\/\" rel=\"attachment wp-att-1454\"><img loading=\"lazy\" decoding=\"async\" src=\"https:\/\/www.negar-afghanwomen.org\/2\/wp-content\/uploads\/2021\/09\/chantal-300x169.jpg\" alt=\"\" width=\"300\" height=\"169\" \/><\/a>Tr\u00e9sori\u00e8re, Chantal V\u00e9ron<\/strong>\u00a0Enseignante \u00e0 la retraite, Chantal V\u00e9ron est la tr\u00e9sori\u00e8re et la responsable du Comit\u00e9 Education de Negar. Apr\u00e8s avoir pass\u00e9 une bonne partie de l\u2019ann\u00e9e 1996 \u00e0 Kaboul, pendant laquelle elle a constat\u00e9 l\u2019int\u00e9r\u00eat pour l\u2019\u00e9ducation de la population (les \u00e9coles de filles et de gar\u00e7ons \u00e9taient en ruine mais pleines d\u2019\u00e9l\u00e8ves et de professeurs), ainsi que la libert\u00e9 de penser et de travailler pour hommes et femmes, alors que dans la ville de H\u00e9rat, d\u00e9j\u00e0 aux mains des Talibans, o\u00f9 elle s\u2019\u00e9tait rendue une semaine, les \u00e9coles de filles \u00e9taient ferm\u00e9es, et le travail des femmes interdit, elle est rentr\u00e9e en France pour la rentr\u00e9e scolaire un mois avant la prise de Kaboul par les Talibans. Elle fonde alors avec Shoukria Haidar l\u2019association Negar-Soutien aux Femmes d\u2019Afghanistan et participera \u00e0 tous ses combats.Elle retourne clandestinement \u00e0 Kaboul \u00e0 partir du Pakistan en juillet 1997, et fonde avec ses amies afghanes 10 classes clandestines dans diff\u00e9rents quartiers de Kaboul. \u00a0En 1999, elle retourne dans l\u2019Afghanistan du Nord avec Shoukria Haidar, et peut ensuite t\u00e9moigner de l\u2019\u00e9closion de dizaines d\u2019\u00e9coles de filles dans la vall\u00e9e du Panjshir en particulier.En juin 2000, elle participe \u00e0 la conf\u00e9rence des femmes afghanes de Douchanbe, puis se rend dans l\u2019Afghanistan du nord o\u00f9 elle apporte un soutien mat\u00e9riel aux \u00e9l\u00e8ves et aux professeurs des \u00e9coles de filles du Panjshir, de Jabul-Saraj, Gulbahar, Kohistan, Charikar et Salang, ce qu\u2019elle continuera en \u00e9t\u00e9\u2013automne 2001.En janvier 2002 elle retourne \u00e0 Kaboul pour participer avec Shoukria \u00e0 la mobilisation et \u00e0 la reconstruction. Elle agit surtout maintenant pour le soutien \u00e0 l\u2019\u00e9ducation dans les r\u00e9gions de Panjshir et Baghlan.\u00a0\u00a0\u00a0\u00a0<strong>Tr\u00e9sorier adjoint, Roland Fr\u00e9mont assist\u00e9 de Lucette Fr\u00e9mont \u00a0 \u00a0(lucettefremont@sfr.fr)<\/strong>Cadre administratif \u00e0 la retraite, Roland Fr\u00e9mont remplit les fonctions de tr\u00e9sorier adjoint de Negar. Il assure le suivi du courrier quand la tr\u00e9sori\u00e8re est en Afghanistan.De 1998 \u00e0 2001, il a particip\u00e9 plus particuli\u00e8rement aux actions men\u00e9es en faveur des classes clandestines de filles de Kaboul.\u00a0\u00a0En 2000, il \u00e9tait pr\u00e9sent \u00e0 Douchanbe pour la conf\u00e9rence des femmes afghanes.Depuis la chute des Talibans, il contribue au d\u00e9veloppement de Negar, essentiellement dans le soutien aux \u00e9tablissements scolaires.\u00a0\u00a0Son \u00e9pouse Lucette, assistante d\u2019\u00e9ducation en coll\u00e8ge \u00e0 la retraite, militante de l\u2019association Femmes Solidaires, a adh\u00e9r\u00e9 \u00e0 Negar en novembre 1998 lors du Congr\u00e8s Mondial des Femmes \u00e0 Bobigny qui condamnait les exactions commises par les milices talibanes.De 1998 \u00e0 \u00a02001, elle a apport\u00e9 son soutien moral et financier aux classes clandestines de filles \u00e0 Kaboul, avec l\u2019aide des comit\u00e9s Femmes Solidaires \u00a0d\u2019Argenteuil et de St Malo.Dans le cadre de l\u2019action Femmes en Marche pour l\u2019Afghanistan, elle a \u00e9t\u00e9 d\u00e9l\u00e9gu\u00e9e par l\u2019association Femmes Solidaires pour exprimer sa solidarit\u00e9 \u00e0 la Conf\u00e9rence des Femmes Afghanes qui s\u2019est tenue \u00e0 Douchanbe (Tadjikistan) les 27 et 28 juin 2000.Depuis cette date, elle reste impliqu\u00e9e dans le combat pour la promotion et la d\u00e9fense des droits des femmes afghanes et assure un devoir de vigilance et d\u2019information sur le contenu du processus de paix.Inlassablement l\u2019association malouine continue \u00e0 soutenir l\u2019action p\u00e9dagogique men\u00e9e par Negar dans les vall\u00e9es afghanes.\u00a0\u00a0<\/p>\n<h5 align=\"center\"><strong>Les comit\u00e9s locaux de NEGAR en France<\/strong><\/h5>\n<p align=\"left\">Pour joindre un des comit\u00e9s locaux de NEGAR en France, prendre contact avec l&rsquo;association NEGAR qui retransmettra les courrriers aux destinataires concern\u00e9s.<\/p>\n<p align=\"left\"><a href=\"negarafghanwomen@yahoo.fr\">negarafghanwomen@yahoo.fr<\/a><\/p>\n<p align=\"left\">Voici la liste des comit\u00e9s locaux et des personnes responsables :<\/p>\n<p align=\"left\">Saint-Malo, c\/o Jacqueline Lohat<br \/>Argenteuil, c\/o Lucette et Roland Fr\u00e9mont<br \/>Lille, c\/o Fran\u00e7oise Carer<br \/>Marseille, c\/o Genevi\u00e8ve Couraud<br \/>Besan\u00e7on, c\/o Chantal V\u00e9ron<\/p>\n<p>\u00a0<\/p>\n","protected":false},"excerpt":{"rendered":"<p>\u00a0 \u00a0Vous trouverez le dossier complet de pr\u00e9sentation de l&rsquo;association NEGAR, en cliquant sur le lien ci-dessous DOSSIER NEGAR 2005 \u00a0 \u00a0Le Conseil d&rsquo;Administration Pr\u00e9sidente, Shoukria HaidarApr\u00e8s avoir fui l\u2019Afghanistan suite \u00e0 l\u2019invasion sovi\u00e9tique, Shoukria s\u2019est r\u00e9fugi\u00e9e en France en 1980, et a \u00e9t\u00e9 naturalis\u00e9e fran\u00e7aise en 1996.Elle a toujours gard\u00e9 des liens avec son [&hellip;]<\/p>\n","protected":false},"author":2,"featured_media":1835,"parent":0,"menu_order":0,"comment_status":"closed","ping_status":"closed","template":"elementor_header_footer","meta":{"ngg_post_thumbnail":0,"footnotes":""},"class_list":["post-40","page","type-page","status-publish","has-post-thumbnail","hentry"],"blocksy_meta":[],"_links":{"self":[{"href":"https:\/\/www.negar-afghanwomen.org\/2\/wp-json\/wp\/v2\/pages\/40","targetHints":{"allow":["GET"]}}],"collection":[{"href":"https:\/\/www.negar-afghanwomen.org\/2\/wp-json\/wp\/v2\/pages"}],"about":[{"href":"https:\/\/www.negar-afghanwomen.org\/2\/wp-json\/wp\/v2\/types\/page"}],"author":[{"embeddable":true,"href":"https:\/\/www.negar-afghanwomen.org\/2\/wp-json\/wp\/v2\/users\/2"}],"replies":[{"embeddable":true,"href":"https:\/\/www.negar-afghanwomen.org\/2\/wp-json\/wp\/v2\/comments?post=40"}],"version-history":[{"count":0,"href":"https:\/\/www.negar-afghanwomen.org\/2\/wp-json\/wp\/v2\/pages\/40\/revisions"}],"wp:featuredmedia":[{"embeddable":true,"href":"https:\/\/www.negar-afghanwomen.org\/2\/wp-json\/wp\/v2\/media\/1835"}],"wp:attachment":[{"href":"https:\/\/www.negar-afghanwomen.org\/2\/wp-json\/wp\/v2\/media?parent=40"}],"curies":[{"name":"wp","href":"https:\/\/api.w.org\/{rel}","templated":true}]}}