{"id":67,"date":"2013-04-11T18:59:07","date_gmt":"2013-04-11T16:59:07","guid":{"rendered":"http:\/\/www.negar-afghanwomen.org\/2\/?page_id=67"},"modified":"2026-01-12T13:54:47","modified_gmt":"2026-01-12T12:54:47","slug":"faire-un-don","status":"publish","type":"page","link":"https:\/\/www.negar-afghanwomen.org\/2\/faire-un-don\/","title":{"rendered":"FAIRE un DON"},"content":{"rendered":"<h1>&nbsp;<\/h1>\n<h1 style=\"text-align: center;\">POURQUOI NOUS SOUTENIR<\/h1>\n<figure><img decoding=\"async\" class=\"aligncenter\" src=\"https:\/\/cdn.helloasso.com\/img\/photos\/header-2c9f56a19ffb48379ad13d22e7f30e76.png\"\/><\/figure>\n<p>&nbsp;<\/p>\n<p>Le 15 ao\u00fbt 2021, les talibans ont pris le pouvoir en Afghanistan avec la ferme intention de renvoyer les femmes dans leur foyer et \u00eatre ainsi condamn\u00e9es \u00e0 une vie d&rsquo;invisibilit\u00e9.<\/p>\n<p>Nous, fondatrices de Negar, les adh\u00e9rents et adh\u00e9rentes ne pouvons pas nous taire. Nous avons besoin de vous pour porter la parole des Afghanes sur la sc\u00e8ne internationale, et en particulier en France<\/p>\n<p>Les moyens dont nous disposons \u00e0 l&rsquo;heure actuelle sont limit\u00e9s, et nous faisons donc appel \u00e0 votre g\u00e9n\u00e9rosit\u00e9 par le&nbsp; biais des dons, et \u00e0 votre solidarit\u00e9 par le biais des adh\u00e9sions.<\/p>\n<p>Depuis que les forces terroristes talibanes se sont empar\u00e9es de l\u2019Afghanistan (15 ao\u00fbt 2021), nos actions se sont organis\u00e9es autour de deux axes principaux:<\/p>\n<p>&#8211; <strong>Un premier axe de mobilisation et sensibilisation<\/strong> des mouvements f\u00e9ministes et d\u00e9mocrates en France, en Europe et ailleurs, poursuit, au travers de conf\u00e9rences, d\u00e9bats ou manifestations, deux objectifs clairs : la non-reconnaissance des taliban, et la reconnaissance et le r\u00e9tablissement des droits fondamentaux et de la libert\u00e9 des femmes afghanes.&nbsp;<\/p>\n<p>&#8211; <strong>Un second axe vise \u00e0 apporter aide et soutien mat\u00e9riels et actifs aux femmes<\/strong> et \u00e0 la soci\u00e9t\u00e9 civile afghane rest\u00e9es en Afghanistan et notamment pour accorder des moyens aux classes clandestines, que nous essayons sans cesse de relancer.. C\u2019est l\u00e0 que vont essentiellement les sommes re\u00e7ues.<\/p>\n<p>Nous remercions d\u2019ores et d\u00e9j\u00e0 vivement tous les donateurs et donatrices, nouveaux, anciens et mensuels, ainsi que tous les adh\u00e9rents et adh\u00e9rentes !!!&nbsp;Vous nous donnez la force de continuer !<\/p>\n<p>Shoukria Haidar, pr\u00e9sidente<\/p>\n<p>Chantal V\u00e9ron, tr\u00e9sori\u00e8re<\/p>\n<h3 style=\"text-align: center;\"><strong>Dons \u00e0 des organismes d&rsquo;int\u00e9r\u00eat g\u00e9n\u00e9ral ou reconnu d&rsquo;utilit\u00e9 publique \u00e9tablis en France<\/strong><\/h3>\n<p>Les dons ouvrent droit \u00e0 une r\u00e9duction d&rsquo;imp\u00f4t sur le revenu \u00e9gale \u00e0 <strong>66&nbsp;% du montant vers\u00e9, dans la limite de 20 % du revenu imposable<\/strong>.<\/p>\n<p style=\"text-align: left;\">Important \/ Au moment de cr\u00e9er votre espace personnel pour valider les dons mensuels, pensez \u00e0 bien noter vos identifiants qui vous permettront de revenir sur le site pour modifier ou annuler votre participation&nbsp;<\/p>\n<p><iframe id=\"haWidget\" style=\"width: 100%; height: 750px; border: none;\" src=\"https:\/\/www.helloasso.com\/associations\/negar-association-de-soutien-aux-femmes-d-afghanistan\/formulaires\/5\/widget\" scrolling=\"auto\"><\/iframe><\/p>\n","protected":false},"excerpt":{"rendered":"<p>&nbsp; POURQUOI NOUS SOUTENIR &nbsp; Le 15 ao\u00fbt 2021, les talibans ont pris le pouvoir en Afghanistan avec la ferme intention de renvoyer les femmes dans leur foyer et \u00eatre ainsi condamn\u00e9es \u00e0 une vie d&rsquo;invisibilit\u00e9. Nous, fondatrices de Negar, les adh\u00e9rents et adh\u00e9rentes ne pouvons pas nous taire. Nous avons besoin de vous pour [&hellip;]<\/p>\n","protected":false},"author":2,"featured_media":0,"parent":0,"menu_order":0,"comment_status":"closed","ping_status":"open","template":"","meta":{"ngg_post_thumbnail":0,"footnotes":""},"class_list":["post-67","page","type-page","status-publish","hentry"],"blocksy_meta":[],"_links":{"self":[{"href":"https:\/\/www.negar-afghanwomen.org\/2\/wp-json\/wp\/v2\/pages\/67","targetHints":{"allow":["GET"]}}],"collection":[{"href":"https:\/\/www.negar-afghanwomen.org\/2\/wp-json\/wp\/v2\/pages"}],"about":[{"href":"https:\/\/www.negar-afghanwomen.org\/2\/wp-json\/wp\/v2\/types\/page"}],"author":[{"embeddable":true,"href":"https:\/\/www.negar-afghanwomen.org\/2\/wp-json\/wp\/v2\/users\/2"}],"replies":[{"embeddable":true,"href":"https:\/\/www.negar-afghanwomen.org\/2\/wp-json\/wp\/v2\/comments?post=67"}],"version-history":[{"count":35,"href":"https:\/\/www.negar-afghanwomen.org\/2\/wp-json\/wp\/v2\/pages\/67\/revisions"}],"predecessor-version":[{"id":64433,"href":"https:\/\/www.negar-afghanwomen.org\/2\/wp-json\/wp\/v2\/pages\/67\/revisions\/64433"}],"wp:attachment":[{"href":"https:\/\/www.negar-afghanwomen.org\/2\/wp-json\/wp\/v2\/media?parent=67"}],"curies":[{"name":"wp","href":"https:\/\/api.w.org\/{rel}","templated":true}]}}